{"id":934,"date":"2020-04-06T19:03:19","date_gmt":"2020-04-06T17:03:19","guid":{"rendered":"https:\/\/amicalecyclosaintmalo.fr\/?page_id=934"},"modified":"2020-06-10T19:16:15","modified_gmt":"2020-06-10T17:16:15","slug":"forum","status":"publish","type":"page","link":"https:\/\/amicalecyclosaintmalo.fr\/index.php\/page-d-exemple\/forum\/","title":{"rendered":"Echanges entre adh\u00e9rents, et petites annonces"},"content":{"rendered":"<p>contenu accessible aux adh\u00e9rents connect\u00e9s<\/p>","protected":false},"excerpt":{"rendered":"","protected":false},"author":2,"featured_media":0,"parent":2,"menu_order":0,"comment_status":"open","ping_status":"closed","template":"","meta":{"_bbp_topic_count":0,"_bbp_reply_count":0,"_bbp_total_topic_count":0,"_bbp_total_reply_count":0,"_bbp_voice_count":0,"_bbp_anonymous_reply_count":0,"_bbp_topic_count_hidden":0,"_bbp_reply_count_hidden":0,"_bbp_forum_subforum_count":0,"footnotes":""},"class_list":["post-934","page","type-page","status-publish","hentry"],"_links":{"self":[{"href":"https:\/\/amicalecyclosaintmalo.fr\/index.php\/wp-json\/wp\/v2\/pages\/934","targetHints":{"allow":["GET"]}}],"collection":[{"href":"https:\/\/amicalecyclosaintmalo.fr\/index.php\/wp-json\/wp\/v2\/pages"}],"about":[{"href":"https:\/\/amicalecyclosaintmalo.fr\/index.php\/wp-json\/wp\/v2\/types\/page"}],"author":[{"embeddable":true,"href":"https:\/\/amicalecyclosaintmalo.fr\/index.php\/wp-json\/wp\/v2\/users\/2"}],"replies":[{"embeddable":true,"href":"https:\/\/amicalecyclosaintmalo.fr\/index.php\/wp-json\/wp\/v2\/comments?post=934"}],"version-history":[{"count":35,"href":"https:\/\/amicalecyclosaintmalo.fr\/index.php\/wp-json\/wp\/v2\/pages\/934\/revisions"}],"predecessor-version":[{"id":1202,"href":"https:\/\/amicalecyclosaintmalo.fr\/index.php\/wp-json\/wp\/v2\/pages\/934\/revisions\/1202"}],"up":[{"embeddable":true,"href":"https:\/\/amicalecyclosaintmalo.fr\/index.php\/wp-json\/wp\/v2\/pages\/2"}],"wp:attachment":[{"href":"https:\/\/amicalecyclosaintmalo.fr\/index.php\/wp-json\/wp\/v2\/media?parent=934"}],"curies":[{"name":"wp","href":"https:\/\/api.w.org\/{rel}","templated":true}]}}