{"id":73,"date":"2020-03-05T10:28:40","date_gmt":"2020-03-05T09:28:40","guid":{"rendered":"https:\/\/amicalecyclosaintmalo.fr\/?page_id=73"},"modified":"2020-03-19T18:54:03","modified_gmt":"2020-03-19T17:54:03","slug":"reglement-interieur","status":"publish","type":"page","link":"https:\/\/amicalecyclosaintmalo.fr\/index.php\/reglement-interieur\/","title":{"rendered":"R\u00e8glement Int\u00e9rieur"},"content":{"rendered":"\t\t<div data-elementor-type=\"wp-page\" data-elementor-id=\"73\" class=\"elementor elementor-73\">\n\t\t\t\t\t\t\t\t\t<section class=\"elementor-section elementor-top-section elementor-element elementor-element-6348b81e elementor-section-boxed elementor-section-height-default elementor-section-height-default\" data-id=\"6348b81e\" data-element_type=\"section\">\n\t\t\t\t\t\t<div class=\"elementor-container elementor-column-gap-default\">\n\t\t\t\t\t<div class=\"elementor-column elementor-col-100 elementor-top-column elementor-element elementor-element-de6312b\" data-id=\"de6312b\" data-element_type=\"column\">\n\t\t\t<div class=\"elementor-widget-wrap elementor-element-populated\">\n\t\t\t\t\t\t\t\t<div class=\"elementor-element elementor-element-504d83ad elementor-widget elementor-widget-text-editor\" data-id=\"504d83ad\" data-element_type=\"widget\" data-widget_type=\"text-editor.default\">\n\t\t\t\t<div class=\"elementor-widget-container\">\n\t\t\t\t\t\t\t<p><!-- wp:paragraph --><\/p>\n<p><strong>&nbsp;Adh\u00e9rer \u00e0 l\u2019Amicale Cyclo St Malo, c\u2019est partager ses VALEURS et celles du Cyclotourisme : &nbsp;c\u2019est le plaisir de rouler ENSEMBLE au bon rythme, dans un esprit d\u2019Equipe, de SOLIDARIT\u00c9, et de CONVIVIALIT\u00c9, dans le respect des r\u00e8gles de fonctionnement et de s\u00e9curit\u00e9.<\/strong><\/p>\n<p><!-- \/wp:paragraph --><\/p>\n<p><!-- wp:quote --><\/p>\n<blockquote class=\"wp-block-quote\">\n<p><strong>&nbsp;&nbsp;&nbsp;&nbsp;\u00abOn part ENSEMBLE, on roule ENSEMBLE, on s\u2019arr\u00eate ENSEMBLE, on rentre ENSEMBLE\u00bb&nbsp;<\/strong><\/p>\n<\/blockquote>\n<p><!-- \/wp:quote --><\/p>\n<p><!-- wp:paragraph --><\/p>\n<p><b>1)<\/b> Le r\u00e8glement int\u00e9rieur de l\u2019ACSM s\u2019applique \u00e0 tous ses adh\u00e9rents, qu\u2019ils soient licenci\u00e9s \u00e0 l\u2019Amicale ou dans un autre club. En roulant avec l\u2019Amicale, je m\u2019engage \u00e0 respecter tous les points du r\u00e8glement int\u00e9rieur.&nbsp;<\/p>\n<p><!-- \/wp:paragraph --><\/p>\n<p><!-- wp:paragraph --><\/p>\n<p><b>2)<\/b> Rouler avec l\u2019Amicale n\u00e9cessite de d\u00e9tenir une licence FFCT souscrite \u00e0 l\u2019Amicale, ou une adh\u00e9sion \u00e0 l\u2019Amicale dans le cas de souscription de la licence dans un autre club.<\/p>\n<p><!-- \/wp:paragraph --><\/p>\n<p><!-- wp:paragraph --><\/p>\n<p><b>3)<\/b> Je suis licenci\u00e9 \u00e0 l\u2019Amicale et je porte les couleurs du club. Concernant les sorties exceptionnelles (sortie mensuelle ou sur plusieurs jours, la tenue du club est&nbsp; tr\u00e8s fortement conseill\u00e9e pour tous, y compris pour les adh\u00e9rents licenci\u00e9s dans d\u2019autres clubs).&nbsp;<\/p>\n<p><!-- \/wp:paragraph --><\/p>\n<p><!-- wp:paragraph --><\/p>\n<p><b>4) Sorties mensuelles sur la journ\u00e9e<\/b>&nbsp;: Elles se d\u00e9roulent dans un esprit diff\u00e9rent. L\u2019esprit d\u2019Equipe et la convivialit\u00e9&nbsp; y sont indispensables. Les cyclos restent group\u00e9s en fonction de l\u2019organisation mise en place au d\u00e9part.<\/p>\n<p><!-- \/wp:paragraph --><\/p>\n<p><!-- wp:paragraph --><\/p>\n<p><strong>5) Sorties hebdomadaires<\/strong>, choix de son groupe : pour plus d\u2019homog\u00e9n\u00e9it\u00e9 des groupes, chacun choisit le sien en fonction de son niveau, de la difficult\u00e9 du parcours, et de sa forme du moment. Si un cyclo, dans un objectif de progresser, d\u00e9cide de rouler avec un groupe sup\u00e9rieur \u00e0 son niveau, il ne pourra demander que celui-ci l\u2019attende, et se laissera d\u00e9crocher si n\u00e9cessaire.<\/p>\n<p><!-- \/wp:paragraph --><\/p>\n<p><!-- wp:paragraph --><\/p>\n<p><b>6)<\/b> Des \u00ab&nbsp;<b>capitaines de route<\/b>&nbsp;\u00bb, plusieurs par groupe,&nbsp; sont nomm\u00e9s par le comit\u00e9 directeur de l\u2019Amicale.&nbsp;<span style=\"letter-spacing: 2.4px;\">Connus de tous, ces r\u00e9f\u00e9rents ont pour mission de faire en sorte que la sortie se d\u00e9roule au mieux pour tous dans un esprit d\u2019\u00e9quipe et de solidarit\u00e9, et de rappeler et&nbsp; faire respecter, si n\u00e9cessaire, les r\u00e8gles de bon fonctionnement et du code de la route au cours de la sortie.<\/span><\/p>\n<p><!-- \/wp:paragraph --><\/p>\n<p><!-- wp:paragraph --><\/p>\n<p><b>7)<\/b> Faire partie d\u2019un groupe n\u2019exclut \u00e9videmment pas que l\u2019on puisse passer de l\u2019un \u00e0 l\u2019autre, en fonction de son \u00e9tat de forme ou de ses objectifs personnels. Toutefois, cela implique le strict respect des r\u00e8gles,&nbsp; de <b>SOLIDARITE<\/b> notamment, car il y a souvent dans un m\u00eame groupe des diff\u00e9rences de niveau et\/ou de forme.<\/p>\n<p><!-- \/wp:paragraph --><\/p>\n<p><!-- wp:paragraph --><\/p>\n<p><b>8) <\/b>Au d\u00e9part, laisser un d\u00e9lai de 2\u2019 entre le d\u00e9part de chaque groupe,&nbsp; pour \u00e9viter tout regroupement apr\u00e8s quelques kms.&nbsp;<\/p>\n<p><!-- \/wp:paragraph --><\/p>\n<p><!-- wp:paragraph --><\/p>\n<p><b>9)<\/b> En cas de nombre important de&nbsp; participants (&gt;15), il est souhaitable de scinder le groupe en 2 pour des raisons&nbsp; de s\u00e9curit\u00e9, notamment pour faciliter le d\u00e9passement des voitures et camions.<\/p>\n<p><!-- \/wp:paragraph --><\/p>\n<p><!-- wp:paragraph --><\/p>\n<p><b>10)<\/b> Le groupe 1 est appel\u00e9. S\u2019il n\u2019y a&nbsp; pas de d\u00e9part du 1, en raison de l\u2019insuffisance de participants,&nbsp; les cyclos habituels du groupe 1, qui se rallient au groupe 2, doivent respecter l\u2019allure de celui-ci. Cette r\u00e8gle s\u2019applique aussi en cas de descente du 2 vers le 3 ou du 3 vers le 4.&nbsp;<\/p>\n<p><!-- \/wp:paragraph --><\/p>\n<p><!-- wp:paragraph --><\/p>\n<p><b>11)<\/b> Si je descends occasionnellement&nbsp; d\u2019un niveau (du 1 au 2 par exemple), ou si je suis licenci\u00e9 d\u2019un autre club, je ne prends&nbsp; pas la t\u00eate du groupe et n\u2019impose pas mon rythme aux habitu\u00e9s de ce groupe. Je laisse ceux-ci donner l\u2019allure, et je les suis.<\/p>\n<p><!-- \/wp:paragraph --><\/p>\n<p><!-- wp:paragraph --><\/p>\n<p><b>12)<\/b> Je respecte la p\u00e9riode d\u2019\u00e9chauffement pendant 10 Kms avant d\u2019acc\u00e9l\u00e9rer.<\/p>\n<p><!-- \/wp:paragraph --><\/p>\n<p><!-- wp:paragraph --><\/p>\n<p><b>13)<\/b> <strong>Je fais le maximum&nbsp; pour \u00e9viter les cassures<\/strong> qui \u00e9puisent les moins forts, et les obligent \u00e0 faire des efforts importants pour revenir, efforts&nbsp; qui les affaiblissent encore plus.&nbsp;<\/p>\n<p><!-- \/wp:paragraph --><\/p>\n<p><!-- wp:paragraph --><\/p>\n<p><b>14)<\/b> En t\u00eate de groupe, je m\u2019efforce de rouler au bon rythme, \u00e0 allure r\u00e9guli\u00e8re, sans \u00e0-coup, et je jette r\u00e9guli\u00e8rement un \u0153il en arri\u00e8re pour m\u2019assurer que les autres cyclos suivent. A l\u2019int\u00e9rieur du groupe, notamment quand l\u2019allure est soutenue, chacun s\u2019assure aussi r\u00e9guli\u00e8rement que possible,&nbsp; qu\u2019il est bien suivi par un autre cyclo.<\/p>\n<p><!-- \/wp:paragraph --><\/p>\n<p><!-- wp:paragraph --><\/p>\n<p><b>15)<\/b> On s\u2019arr\u00eate ensemble, on ralentit ensemble, on repart ensemble, notamment aux carrefours, travaux (de nombreuses cassures se font \u00e0 ces endroits), et autres&nbsp;\u00abarr\u00eats techniques&nbsp;\u00bb. En t\u00eate, &nbsp; je v\u00e9rifie le regroupement de tous avant de reprendre une allure normale.&nbsp;<\/p>\n<p><!-- \/wp:paragraph --><\/p>\n<p><!-- wp:paragraph --><\/p>\n<p><b>16)<\/b> Si j\u2019acc\u00e9l\u00e8re, dans les c\u00f4tes notamment,&nbsp; je l\u00e8ve le pied en haut, je m\u2019assure du regroupement,&nbsp; et je laisse souffler les derniers qui en ont besoin. Ou bien je me laisse&nbsp; d\u00e9crocher un peu avant la mont\u00e9e pour finir en haut avec les autres.<\/p>\n<p><!-- \/wp:paragraph --><\/p>\n<p><!-- wp:paragraph --><\/p>\n<p><b>17)<\/b> Si malgr\u00e9 tout, un ou deux cyclos en t\u00eate de groupe augmentent&nbsp; trop l\u2019allure et ne respectent pas ces r\u00e8gles, je n\u2019essaie pas de les suivre afin d\u2019\u00e9viter une cassure dans le groupe.<\/p>\n<p><!-- \/wp:paragraph --><\/p>\n<p><!-- wp:paragraph --><\/p>\n<p><b>18)<\/b> Pour ceux qui en auraient encore sous la p\u00e9dale, notamment dans le groupe 1,&nbsp; on peut admettre (l\u2019id\u00e9e \u00e9tant quand m\u00eame de finir ensemble), qu\u2019ils se l\u00e2chent dans les 10 derniers Kms (v\u00e9rifiable sur le compteur), mais pas avant.&nbsp;<\/p>\n<p><!-- \/wp:paragraph --><\/p>\n<p><!-- wp:paragraph --><\/p>\n<p><b>19)<\/b> Si je n\u2019arrive pas \u00e0 suivre un groupe, et que je souhaite en d\u00e9crocher, j\u2019en informe le cyclo devant moi avant&nbsp;de d\u00e9crocher. Celui-ci en informe \u00e0 son tour le groupe.&nbsp;<\/p>\n<p><!-- \/wp:paragraph --><\/p>\n<p><!-- wp:paragraph --><\/p>\n<p><b>20) Si je suis en queue de groupe (avant dernier),&nbsp; je veille \u00e0 ne pas \u00ab&nbsp;abandonner&nbsp;\u00bb un cyclo seul qui d\u00e9croche temporairement derri\u00e8re moi, et je signale son d\u00e9crochement, afin de faire ralentir le groupe.<\/b><\/p>\n<p><!-- \/wp:paragraph --><\/p>\n<p><!-- wp:paragraph --><\/p>\n<p><b>21)<\/b> Je respecte les r\u00e8gles de <b>SECURITE<\/b>&nbsp;:&nbsp;<\/p>\n<p><!-- \/wp:paragraph --><\/p>\n<p><!-- wp:paragraph --><\/p>\n<p>a &#8211;&nbsp; Je respecte le code de la route en toutes circonstances,&nbsp;<\/p>\n<p><!-- \/wp:paragraph --><\/p>\n<p><!-- wp:paragraph --><\/p>\n<p>b &#8211; Je respecte les autres usagers de la route et donne une bonne image du club.<\/p>\n<p><!-- \/wp:paragraph --><\/p>\n<p><!-- wp:paragraph --><\/p>\n<p>c &#8211;&nbsp; Art. R.431-7 du code de la route : les conducteurs de cycles \u00e0 deux roues sans remorque ni sidecar ne doivent jamais rouler \u00e0 plus de deux de front sur la chauss\u00e9e. Ils doivent se mettre en file simple d\u00e8s la chute du jour et dans tous les cas o\u00f9 les conditions de la circulation l\u2019exigent, notamment lorsqu\u2019un v\u00e9hicule voulant les d\u00e9passer annonce son approche.&nbsp;<\/p>\n<p><!-- \/wp:paragraph --><\/p>\n<p><!-- wp:paragraph --><\/p>\n<p>d &#8211; Je ne roule pas au milieu de la route,<\/p>\n<p><!-- \/wp:paragraph --><\/p>\n<p><!-- wp:paragraph --><\/p>\n<p>e &#8211; Je m\u2019efforce de rouler bien en ligne pour ne pas surprendre mes coll\u00e8gues et \u00e9viter les chutes,<\/p>\n<p><!-- \/wp:paragraph --><\/p>\n<p><!-- wp:paragraph --><\/p>\n<p>f &#8211;&nbsp; Sur les routes \u00e0 forte circulation, je roule en file indienne,<\/p>\n<p><!-- \/wp:paragraph --><\/p>\n<p><!-- wp:paragraph --><\/p>\n<p>g &#8211; En cas de circulation en double file, si n\u00e9cessit\u00e9 de se rabattre pour laisser doubler un v\u00e9hicule, la file de droite ralentit pour laisser remonter la file de gauche, afin de se mettre sur une seule file.<\/p>\n<p><!-- \/wp:paragraph --><\/p>\n<p><!-- wp:paragraph --><\/p>\n<p>h &#8211; Avant de m\u2019engager \u00e0 un carrefour, je v\u00e9rifie la possibilit\u00e9 de faire passer la totalit\u00e9 du groupe. Je ne m\u2019engage surtout&nbsp; pas au risque d\u2019entra\u00eener d\u2019autres cyclos qui n\u2019auraient pas le temps de passer,<\/p>\n<p><!-- \/wp:paragraph --><\/p>\n<p><!-- wp:paragraph --><\/p>\n<p>h &#8211;&nbsp; Je signale avec le bras les changements de direction et les stops, ainsi que&nbsp; tout risque de chute (trous, r\u00e9tr\u00e9cissements, ralentisseurs, obstacles, animaux, etc)<\/p>\n<p><!-- \/wp:paragraph --><\/p>\n<p><!-- wp:paragraph --><\/p>\n<p>i &#8211;&nbsp; Je ne ralentis&nbsp; pas l\u2019allure sans raison apparente, au risque de provoquer une chute.<\/p>\n<p><!-- \/wp:paragraph --><\/p>\n<p><!-- wp:paragraph --><\/p>\n<p><\/p>\n<p><!-- \/wp:paragraph --><\/p>\t\t\t\t\t\t<\/div>\n\t\t\t\t<\/div>\n\t\t\t\t\t<\/div>\n\t\t<\/div>\n\t\t\t\t\t\t\t<\/div>\n\t\t<\/section>\n\t\t\t\t\t\t\t<\/div>\n\t\t","protected":false},"excerpt":{"rendered":"<p>&nbsp;Adh\u00e9rer \u00e0 l\u2019Amicale Cyclo St Malo, c\u2019est partager ses VALEURS et celles du Cyclotourisme : &nbsp;c\u2019est le plaisir de rouler ENSEMBLE au bon rythme, dans un esprit d\u2019Equipe, de SOLIDARIT\u00c9, et de CONVIVIALIT\u00c9, dans le respect des r\u00e8gles de fonctionnement et de s\u00e9curit\u00e9. &nbsp;&nbsp;&nbsp;&nbsp;\u00abOn part ENSEMBLE, on roule ENSEMBLE, on s\u2019arr\u00eate ENSEMBLE, on rentre ENSEMBLE\u00bb&nbsp; 1) Le r\u00e8glement int\u00e9rieur de l\u2019ACSM s\u2019applique \u00e0 tous ses adh\u00e9rents, qu\u2019ils soient licenci\u00e9s \u00e0 l\u2019Amicale ou dans un autre club. En roulant avec l\u2019Amicale,&#8230;<\/p>\n<p class=\"read-more\"><a class=\"btn btn-default\" href=\"https:\/\/amicalecyclosaintmalo.fr\/index.php\/reglement-interieur\/\">Lire la suite<span class=\"screen-reader-text\"> Lire la suite<\/span><\/a><\/p>\n","protected":false},"author":1,"featured_media":0,"parent":0,"menu_order":0,"comment_status":"closed","ping_status":"closed","template":"","meta":{"_bbp_topic_count":0,"_bbp_reply_count":0,"_bbp_total_topic_count":0,"_bbp_total_reply_count":0,"_bbp_voice_count":0,"_bbp_anonymous_reply_count":0,"_bbp_topic_count_hidden":0,"_bbp_reply_count_hidden":0,"_bbp_forum_subforum_count":0,"footnotes":""},"class_list":["post-73","page","type-page","status-publish","hentry"],"_links":{"self":[{"href":"https:\/\/amicalecyclosaintmalo.fr\/index.php\/wp-json\/wp\/v2\/pages\/73","targetHints":{"allow":["GET"]}}],"collection":[{"href":"https:\/\/amicalecyclosaintmalo.fr\/index.php\/wp-json\/wp\/v2\/pages"}],"about":[{"href":"https:\/\/amicalecyclosaintmalo.fr\/index.php\/wp-json\/wp\/v2\/types\/page"}],"author":[{"embeddable":true,"href":"https:\/\/amicalecyclosaintmalo.fr\/index.php\/wp-json\/wp\/v2\/users\/1"}],"replies":[{"embeddable":true,"href":"https:\/\/amicalecyclosaintmalo.fr\/index.php\/wp-json\/wp\/v2\/comments?post=73"}],"version-history":[{"count":11,"href":"https:\/\/amicalecyclosaintmalo.fr\/index.php\/wp-json\/wp\/v2\/pages\/73\/revisions"}],"predecessor-version":[{"id":499,"href":"https:\/\/amicalecyclosaintmalo.fr\/index.php\/wp-json\/wp\/v2\/pages\/73\/revisions\/499"}],"wp:attachment":[{"href":"https:\/\/amicalecyclosaintmalo.fr\/index.php\/wp-json\/wp\/v2\/media?parent=73"}],"curies":[{"name":"wp","href":"https:\/\/api.w.org\/{rel}","templated":true}]}}